{"id":341,"date":"2024-11-29T17:09:32","date_gmt":"2024-11-29T17:09:32","guid":{"rendered":"https:\/\/firstdropvc.com\/aviso-legal\/"},"modified":"2025-07-14T12:09:32","modified_gmt":"2025-07-14T12:09:32","slug":"aviso-legal","status":"publish","type":"page","link":"https:\/\/firstdropvc.com\/es\/aviso-legal\/","title":{"rendered":"Aviso legal"},"content":{"rendered":"<section class=\"text_content_text_1_1 background-1-light\" data-block-id=\"69d4f893041e069d4f893041e1\" data-block-name=\"acf\/textcontent-1-1\" data-post-id=\"341\" data-stable-id=\"block_0a8e699257d8e7b4b5a8cd904bc70207\">\r\n    <div class=\"container\">\r\n        <div class=\"row\">\r\n            <div class=\"col\">\r\n                <div class=\"content-theme\">\r\n                                        <div class=\"texto color-1-headings-dark tamano7\">\r\n                        <h2 style=\"text-align: center;\">AVISO LEGAL<br \/>\nhttps:\/\/firstdropvc.com\/es\/<\/h2>\n<p>&nbsp;<\/p>\n<h3>I. INFORMACI\u00d3N GENERAL<\/h3>\n<p>En cumplimiento con el deber de informaci\u00f3n dispuesto en la Ley 34\/2002 de Servicios de la Sociedad de la Informaci\u00f3n y el Comercio Electr\u00f3nico (LSSI-CE) de 11 de julio, se facilitan a continuaci\u00f3n los siguientes datos de informaci\u00f3n general de este sitio web:<\/p>\n<p>La titularidad de este sitio web, https:\/\/firstdropvc.com\/es\/ (en adelante, Sitio Web) la ostenta First Drop, FCRE.<\/p>\n<p>First Drop, FCRE es un Fondo de Capital Riesgo Europeo cuya sociedad gestora, Faraday Venture Capital SGEIC, S.A., figura inscrita en el correspondiente registro de la CNMV con el n\u00famero 155.<\/p>\n<h3>II. MENCIONES GENERALES<\/h3>\n<ol>\n<li><strong> IDENTIFICACI\u00d3N DE DATOS:<\/strong> En cumplimiento con el deber de informaci\u00f3n recogido en el art\u00edculo 10 de la Ley 34\/2002 de Servicios de la Sociedad de la Informaci\u00f3n y del Comercio Electr\u00f3nico, a continuaci\u00f3n se reflejan los siguientes datos: empresa titular del sitio web <a href=\"http:\/\/www.firstdropvc.com\"><strong>www.firstdropvc.com<\/strong><\/a> es First Drop, FCRE es un Fondo de Capital Riesgo Europeo cuya sociedad gestora, Faraday Venture Capital SGEIC, S.A. (en adelante, la \u201cSociedad Gestora\u201d), figura inscrita en el correspondiente registro de la CNMV con el n\u00famero 155. Direcci\u00f3n de correo electr\u00f3nico de contacto: <a href=\"mailto:info@faradayvp.com\">info@firstdropvc.com<\/a>.<\/li>\n<li><strong> USUARIOS:<\/strong> El acceso y\/o uso de este portal <strong>de First Drop VC <\/strong>atribuye la condici\u00f3n de USUARIO, que acepta, desde dicho acceso y\/o uso, las Condiciones Generales de Uso aqu\u00ed reflejadas. Dichas Condiciones ser\u00e1n de aplicaci\u00f3n independientemente de las Condiciones Generales que en su caso resulten de obligado cumplimiento.<\/li>\n<li><strong> USO DEL PORTAL:<\/strong> <a href=\"http:\/\/www.firstdropvc.com\">www.firstdropvc.com<\/a> proporciona el acceso a multitud de informaciones, servicios, programas o datos accesibles a trav\u00e9s de Internet (en adelante, \u00ablos contenidos\u00bb), pertenecientes a <strong>First Drop VC <\/strong>o a sus licenciantes a los que el USUARIO pueda tener acceso. El USUARIO asume la responsabilidad del uso del portal. Dicha responsabilidad se extiende al registro que fuese necesario para acceder a determinados servicios o contenidos. En dicho registro el USUARIO ser\u00e1 responsable de aportar informaci\u00f3n veraz y l\u00edcita. Como consecuencia de este registro, al USUARIO se le puede proporcionar una contrase\u00f1a de la que ser\u00e1 responsable, comprometi\u00e9ndose a hacer un uso diligente y confidencial de la misma. Asimismo, el USUARIO se compromete a hacer un uso adecuado de los contenidos y servicios (como por ejemplo foros de discusi\u00f3n o grupos de noticias) que <strong>First Drop VC <\/strong>ofrece a trav\u00e9s de su portal y con car\u00e1cter enunciativo pero no limitativo, a <em>no<\/em> emplearlos para (i) actividades il\u00edcitas o ilegales o contrarias a la buena fe y al orden p\u00fablico; (ii) difundir contenidos o propaganda de car\u00e1cter racista, xen\u00f3fobo, pornogr\u00e1fico-ilegal, de apolog\u00eda del terrorismo o atentatorio contra los derechos humanos; (iii) provocar da\u00f1os en los sistemas f\u00edsicos y l\u00f3gicos de <strong>First Drop VC<\/strong>, de sus proveedores o de terceras personas, introducir o difundir en la red virus inform\u00e1ticos o cualesquiera otros sistemas f\u00edsicos o l\u00f3gicos que sean susceptibles de provocar los da\u00f1os anteriormente mencionados; (iv) intentar acceder y, en su caso, utilizar las cuentas de correo electr\u00f3nico de otros USUARIOS y modificar o manipular sus mensajes. <strong>First Drop VC<\/strong>se reserva el derecho de retirar todos aquellos comentarios y aportaciones que vulneren el respeto a la dignidad de la persona, que sean discriminatorios, xen\u00f3fobos, racistas, pornogr\u00e1ficos, que atenten contra la juventud o la infancia, el orden o la seguridad p\u00fablica o que, a su juicio, no resultaran adecuados para su publicaci\u00f3n. En cualquier caso, <strong>First Drop VC <\/strong>no ser\u00e1 responsable de las opiniones vertidas por los USUARIOS a trav\u00e9s de los foros, chats, u otras herramientas que permitan la participaci\u00f3n en los mismos, etc.<\/li>\n<li><strong> PROTECCI\u00d3N DE DATOS:<\/strong> <strong>First Drop VC <\/strong>cumple con las directrices de la Ley Org\u00e1nica 3\/2018 de 5 de diciembre de Protecci\u00f3n de Datos de Car\u00e1cter Personal y garant\u00eda de los derechos digitales (en adelante, LOPD), de acuerdo con el Real Decreto 1720\/2007 de 21 de diciembre por el que se aprueba el Reglamento de desarrollo de dicha Ley Org\u00e1nica, el Reglamento Europeo (UE) 2016\/679 del Parlamento y del Consejo de 27 de abril de 2016 relativo a la protecci\u00f3n de datos personales de las personas f\u00edsicas y a la libre circulaci\u00f3n de estos datos, as\u00ed como el resto de normativa que se encuentre vigente en cada momento, velando por garantizar un correcto uso y tratamiento de los datos personales del USUARIO. Para ello, en cada formulario de recabo de datos de car\u00e1cter personal, as\u00ed como en los servicios que el USUARIO pueda solicitar a <strong>First Drop<\/strong>, har\u00e1 saber al USUARIO de la existencia y aceptaci\u00f3n de las condiciones particulares del tratamiento de sus datos, inform\u00e1ndole de la responsabilidad del fichero creado, la direcci\u00f3n del responsable, la posibilidad de ejercer sus derechos de acceso, rectificaci\u00f3n, cancelaci\u00f3n u oposici\u00f3n, la finalidad del tratamiento y las comunicaciones de datos a terceros en su caso. Asimismo, <strong>First Drop VC <\/strong>informa que da cumplimiento a la Ley 34\/2002 de 11 de julio, de Servicios de la Sociedad de la Informaci\u00f3n y el Comercio Electr\u00f3nico y le solicitar\u00e1 su consentimiento al tratamiento de su correo electr\u00f3nico con fines comerciales.<\/li>\n<li><strong> PROPIEDAD INTELECTUAL E INDUSTRIAL:<\/strong> <strong>First Drop VC <\/strong>por s\u00ed o como cesionaria, es titular de todos los derechos de propiedad intelectual e industrial de su p\u00e1gina web, as\u00ed como de los elementos contenidos en la misma (a t\u00edtulo enunciativo, im\u00e1genes, sonido, audio, v\u00eddeo, software o textos; marcas o logotipos, combinaciones de colores, estructura y dise\u00f1o, selecci\u00f3n de materiales usados, programas de ordenador necesarios para su funcionamiento, acceso y uso, etc.). Todos los derechos reservados. En virtud de lo dispuesto en la Ley de Propiedad Intelectual, quedan expresamente prohibidas la reproducci\u00f3n, la distribuci\u00f3n y la comunicaci\u00f3n p\u00fablica, incluida su modalidad de puesta a disposici\u00f3n, de la totalidad o parte de los contenidos de esta p\u00e1gina web, con fines comerciales, mediante soporte y medios t\u00e9cnicos, sin la autorizaci\u00f3n de <strong>First Drop<\/strong>. El USUARIO se compromete a respetar los derechos de Propiedad Intelectual e Industrial titularidad de <strong>First Drop<\/strong>. Podr\u00e1 visualizar los elementos del portal e incluso imprimirlos, copiarlos y almacenarlos en el disco duro de su ordenador o en cualquier otro soporte f\u00edsico siempre y cuando sea, \u00fanica y exclusivamente, para su uso personal y privado. El USUARIO deber\u00e1 abstenerse de suprimir, alterar, eludir o manipular cualquier dispositivo de protecci\u00f3n o sistema de seguridad que estuviera instalado en el las p\u00e1ginas de <strong>First Drop<\/strong>.<\/li>\n<li><strong> EXCLUSI\u00d3N DE GARANT\u00cdAS Y RESPONSABILIDAD:<\/strong> <strong>First Drop VC <\/strong>no se hace responsable, en ning\u00fan caso, de los da\u00f1os y perjuicios de cualquier naturaleza que pudieran ocasionar, a t\u00edtulo enunciativo: errores u omisiones en los contenidos, falta de disponibilidad del portal o la transmisi\u00f3n de virus o programas maliciosos o lesivos en los contenidos, a pesar de haber adoptado todas las medidas tecnol\u00f3gicas necesarias para evitarlo.<\/li>\n<li><strong> MODIFICACIONES:<\/strong> <strong>First Drop VC <\/strong>se reserva el derecho de efectuar sin previo aviso las modificaciones que considere oportunas en su portal, pudiendo cambiar, suprimir o a\u00f1adir tanto los contenidos y servicios que se presten a trav\u00e9s del mismo como la forma en la que \u00e9stos aparezcan presentados o localizados en su portal.<\/li>\n<li><strong> USO DE COOKIES:<\/strong> Las cookies son ficheros creados en el navegador del USUARIO para registrar su actividad en el sitio web y permitir una navegaci\u00f3n m\u00e1s fluida y personalizada. <strong>First Drop VC <\/strong>podr\u00e1 utilizar cookies para personalizar y facilitar al m\u00e1ximo la navegaci\u00f3n del USUARIO por el <em>Sitio<\/em>. Las cookies se asocian a un perfil de USUARIO an\u00f3nimo y su ordenador y no permiten deducir datos personales del USUARIO. El USUARIO podr\u00e1 configurar su navegador para que notifique y rechace la instalaci\u00f3n de las cookies enviadas por <strong>First Drop VC<\/strong>, sin que ello perjudique la posibilidad del USUARIO de acceder a los Contenidos.<\/li>\n<li><strong> ENLACES:<\/strong> En caso de que <a href=\"http:\/\/www.firstdropvc.com\">www.firstdropvc.com<\/a> contenga enlaces o hiperv\u00ednculos hacia otros sitios de Internet, <strong>First Drop VC <\/strong>no ejercer\u00e1 ning\u00fan tipo de control sobre dichos sitios y contenidos. En ning\u00fan caso <strong>First Drop VC <\/strong>asumir\u00e1 responsabilidad alguna por los contenidos de alg\u00fan enlace perteneciente a un sitio web ajeno, ni garantizar\u00e1 la disponibilidad t\u00e9cnica, calidad, fiabilidad, exactitud, amplitud, veracidad, validez y constitucionalidad de cualquier material o informaci\u00f3n contenida en ninguno de dichos hiperv\u00ednculos u otros sitios de Internet. Igualmente la inclusi\u00f3n de estas conexiones externas no implicar\u00e1 ning\u00fan tipo de asociaci\u00f3n, fusi\u00f3n o participaci\u00f3n con las entidades conectadas.<\/li>\n<li><strong> DERECHO DE EXCLUSI\u00d3N:<\/strong> <strong>First Drop VC <\/strong>se reserva el derecho a denegar o retirar el acceso a su portal y\/o a los servicios ofrecidos sin necesidad de preaviso, a instancia propia o de un tercero, a aquellos USUARIOS que incumplan las presentes Condiciones Generales de Uso.<\/li>\n<li><strong> GENERALIDADES:<\/strong> <strong>First Drop VC <\/strong>perseguir\u00e1 el incumplimiento de las presentes condiciones, as\u00ed como cualquier utilizaci\u00f3n indebida de su portal ejerciendo todas las acciones civiles y penales que le puedan corresponder en derecho.<\/li>\n<\/ol>\n<p>&nbsp;<\/p>\n                    <\/div>\r\n                                    <\/div>\r\n            <\/div>\r\n        <\/div>\r\n    <\/div>\r\n<\/section>\r\n<style>\r\n    .text_content_text_1_1 h1 {\r\n        padding-bottom: 60px;\r\n        font-size: var(--tamano1-font-size);\r\n        font-weight: var(--tamano1-font-weight);\r\n        line-height: var(--tamano1-line-height);\r\n        letter-spacing: var(--tamano1-letter-spacing);\r\n        font-family: var(--tamano1-font-family);\r\n        color: var(--color-2-headings-dark);\r\n    }\r\n\r\n    .text_content_text_1_1 h2 {\r\n        padding-bottom: 60px;\r\n        font-size: var(--tamano2-font-size);\r\n        font-weight: var(--tamano2-font-weight);\r\n        line-height: var(--tamano2-line-height);\r\n        letter-spacing: var(--tamano2-letter-spacing);\r\n        font-family: var(--tamano2-font-family);\r\n        color: var(--color-2-headings-dark);\r\n    }\r\n\r\n    .text_content_text_1_1 h3 {\r\n        padding-bottom: 60px;\r\n        font-size: var(--tamano3-font-size);\r\n        font-weight: var(--tamano3-font-weight);\r\n        line-height: var(--tamano3-line-height);\r\n        letter-spacing: var(--tamano3-letter-spacing);\r\n        font-family: var(--tamano3-font-family);\r\n        color: var(--color-2-headings-dark);\r\n    }\r\n\r\n    .text_content_text_1_1 h4 {\r\n        padding-bottom: 60px;\r\n        font-size: var(--tamano4-font-size);\r\n        font-weight: var(--tamano4-font-weight);\r\n        line-height: var(--tamano4-line-height);\r\n        letter-spacing: var(--tamano4-letter-spacing);\r\n        font-family: var(--tamano4-font-family);\r\n        color: var(--color-2-headings-dark);\r\n    }\r\n\r\n    .text_content_text_1_1 ul,\r\n    .text_content_text_1_1 ol {\r\n        padding-left: 20px;\r\n    }\r\n\r\n    .text_content_text_1_1 .row .col {\r\n        padding-top: 75px;\r\n        width: 100%;\r\n    }\r\n\r\n\r\n    .text_content_text_1_1 .texto {\r\n        margin-bottom: 50px;\r\n    }\r\n\r\n    .text_content_text_1_1 .texto * {\r\n        padding-bottom: 20px;\r\n    }\r\n\r\n\r\n    .text_content_text_1_1 .row {\r\n        display: flex;\r\n        gap: 0px;\r\n    }\r\n\r\n    .text_content_text_1_1 {\r\n        position: relative;\r\n        background-position: center;\r\n        background-repeat: no-repeat;\r\n        background-size: cover;\r\n        padding: 81px 150px;\r\n        margin-top: -1px;\r\n    }\r\n\r\n    @media (max-width:1750px) {\r\n        .text_content_text_1_1 .row {\r\n            gap: 100px;\r\n        }\r\n    }\r\n\r\n    @media (max-width:1550px) {\r\n        .text_content_text_1_1 {\r\n            padding-left: 50px;\r\n            padding-right: 50px;\r\n        }\r\n    }\r\n\r\n    @media (max-width:1350px) {\r\n        .text_content_text_1_1 .row {\r\n            gap: 30px;\r\n        }\r\n    }\r\n\r\n    @media (max-width:1200px) {\r\n        .text_content_text_1_1 {\r\n            padding-left: 0;\r\n            padding-right: 0;\r\n        }\r\n    }\r\n\r\n    @media (max-width:992px) {\r\n        .text_content_text_1_1 .row .col-left {\r\n            padding-top: 0;\r\n            max-width: 100%;\r\n        }\r\n\r\n        .text_content_text_1_1 .texto {\r\n            margin-bottom: 35px;\r\n        }\r\n\r\n        .text_content_text_1_1 h2 {\r\n            padding-bottom: 40px;\r\n        }\r\n\r\n        .text_content_text_1_1 {\r\n            padding: 40px 0;\r\n        }\r\n\r\n        .text_content_text_1_1 h1 {\r\n            font-size: var(--tamano1-font-size-mobile);\r\n        }\r\n\r\n        .text_content_text_1_1 h2 {\r\n            font-size: var(--tamano2-font-size-mobile);\r\n        }\r\n\r\n        .text_content_text_1_1 h3 {\r\n            font-size: var(--tamano3-font-size-mobile);\r\n        }\r\n\r\n        .text_content_text_1_1 h4 {\r\n            font-size: var(--tamano4-font-size-mobile);\r\n        }\r\n    }\r\n<\/style>\r\n","protected":false},"excerpt":{"rendered":"","protected":false},"author":2,"featured_media":0,"parent":0,"menu_order":0,"comment_status":"closed","ping_status":"closed","template":"","meta":{"_acf_changed":false,"iawp_total_views":156,"footnotes":""},"class_list":["post-341","page","type-page","status-publish","hentry"],"acf":[],"yoast_head":"<!-- This site is optimized with the Yoast SEO plugin v27.3 - https:\/\/yoast.com\/product\/yoast-seo-wordpress\/ -->\n<title>Aviso Legal y Condiciones de Uso | FIRST DROP<\/title>\n<meta name=\"description\" content=\"Descubre los t\u00e9rminos y condiciones generales de uso del sitio web de FIRST DROP. Aseg\u00farate de entender tus derechos y responsabilidades al navegar.\" \/>\n<meta name=\"robots\" content=\"index, follow, max-snippet:-1, max-image-preview:large, max-video-preview:-1\" \/>\n<link rel=\"canonical\" href=\"https:\/\/firstdropvc.com\/es\/aviso-legal\/\" \/>\n<meta property=\"og:locale\" content=\"es_ES\" \/>\n<meta property=\"og:type\" content=\"article\" \/>\n<meta property=\"og:title\" content=\"Aviso Legal y Condiciones de Uso | FIRST DROP\" \/>\n<meta property=\"og:description\" content=\"Descubre los t\u00e9rminos y condiciones generales de uso del sitio web de FIRST DROP. Aseg\u00farate de entender tus derechos y responsabilidades al navegar.\" \/>\n<meta property=\"og:url\" content=\"https:\/\/firstdropvc.com\/es\/aviso-legal\/\" \/>\n<meta property=\"og:site_name\" content=\"FIRST DROP\" \/>\n<meta property=\"article:modified_time\" content=\"2025-07-14T12:09:32+00:00\" \/>\n<meta name=\"twitter:card\" content=\"summary_large_image\" \/>\n<!-- \/ Yoast SEO plugin. -->","yoast_head_json":{"title":"Aviso Legal y Condiciones de Uso | FIRST DROP","description":"Descubre los t\u00e9rminos y condiciones generales de uso del sitio web de FIRST DROP. Aseg\u00farate de entender tus derechos y responsabilidades al navegar.","robots":{"index":"index","follow":"follow","max-snippet":"max-snippet:-1","max-image-preview":"max-image-preview:large","max-video-preview":"max-video-preview:-1"},"canonical":"https:\/\/firstdropvc.com\/es\/aviso-legal\/","og_locale":"es_ES","og_type":"article","og_title":"Aviso Legal y Condiciones de Uso | FIRST DROP","og_description":"Descubre los t\u00e9rminos y condiciones generales de uso del sitio web de FIRST DROP. Aseg\u00farate de entender tus derechos y responsabilidades al navegar.","og_url":"https:\/\/firstdropvc.com\/es\/aviso-legal\/","og_site_name":"FIRST DROP","article_modified_time":"2025-07-14T12:09:32+00:00","twitter_card":"summary_large_image","schema":{"@context":"https:\/\/schema.org","@graph":[{"@type":"WebPage","@id":"https:\/\/firstdropvc.com\/es\/aviso-legal\/","url":"https:\/\/firstdropvc.com\/es\/aviso-legal\/","name":"Aviso Legal y Condiciones de Uso | FIRST DROP","isPartOf":{"@id":"https:\/\/firstdropvc.com\/es\/#website"},"datePublished":"2024-11-29T17:09:32+00:00","dateModified":"2025-07-14T12:09:32+00:00","description":"Descubre los t\u00e9rminos y condiciones generales de uso del sitio web de FIRST DROP. Aseg\u00farate de entender tus derechos y responsabilidades al navegar.","breadcrumb":{"@id":"https:\/\/firstdropvc.com\/es\/aviso-legal\/#breadcrumb"},"inLanguage":"es","potentialAction":[{"@type":"ReadAction","target":["https:\/\/firstdropvc.com\/es\/aviso-legal\/"]}]},{"@type":"BreadcrumbList","@id":"https:\/\/firstdropvc.com\/es\/aviso-legal\/#breadcrumb","itemListElement":[{"@type":"ListItem","position":1,"name":"Portada","item":"https:\/\/firstdropvc.com\/es\/"},{"@type":"ListItem","position":2,"name":"Aviso legal"}]},{"@type":"WebSite","@id":"https:\/\/firstdropvc.com\/es\/#website","url":"https:\/\/firstdropvc.com\/es\/","name":"FIRST DROP","description":"","publisher":{"@id":"https:\/\/firstdropvc.com\/es\/#organization"},"potentialAction":[{"@type":"SearchAction","target":{"@type":"EntryPoint","urlTemplate":"https:\/\/firstdropvc.com\/es\/?s={search_term_string}"},"query-input":{"@type":"PropertyValueSpecification","valueRequired":true,"valueName":"search_term_string"}}],"inLanguage":"es"},{"@type":"Organization","@id":"https:\/\/firstdropvc.com\/es\/#organization","name":"FIRST DROP","url":"https:\/\/firstdropvc.com\/es\/","logo":{"@type":"ImageObject","inLanguage":"es","@id":"https:\/\/firstdropvc.com\/es\/#\/schema\/logo\/image\/","url":"https:\/\/firstdropvc.com\/wp-content\/uploads\/2024\/11\/6749ccec57f7d_Captura-de-pantalla-2024-11-29-a-las-15.15.02.png","contentUrl":"https:\/\/firstdropvc.com\/wp-content\/uploads\/2024\/11\/6749ccec57f7d_Captura-de-pantalla-2024-11-29-a-las-15.15.02.png","width":1888,"height":204,"caption":"FIRST DROP"},"image":{"@id":"https:\/\/firstdropvc.com\/es\/#\/schema\/logo\/image\/"}}]}},"_links":{"self":[{"href":"https:\/\/firstdropvc.com\/es\/wp-json\/wp\/v2\/pages\/341","targetHints":{"allow":["GET"]}}],"collection":[{"href":"https:\/\/firstdropvc.com\/es\/wp-json\/wp\/v2\/pages"}],"about":[{"href":"https:\/\/firstdropvc.com\/es\/wp-json\/wp\/v2\/types\/page"}],"author":[{"embeddable":true,"href":"https:\/\/firstdropvc.com\/es\/wp-json\/wp\/v2\/users\/2"}],"replies":[{"embeddable":true,"href":"https:\/\/firstdropvc.com\/es\/wp-json\/wp\/v2\/comments?post=341"}],"version-history":[{"count":4,"href":"https:\/\/firstdropvc.com\/es\/wp-json\/wp\/v2\/pages\/341\/revisions"}],"predecessor-version":[{"id":1191,"href":"https:\/\/firstdropvc.com\/es\/wp-json\/wp\/v2\/pages\/341\/revisions\/1191"}],"wp:attachment":[{"href":"https:\/\/firstdropvc.com\/es\/wp-json\/wp\/v2\/media?parent=341"}],"curies":[{"name":"wp","href":"https:\/\/api.w.org\/{rel}","templated":true}]}}